{"id":1836,"date":"2012-11-22T08:26:41","date_gmt":"2012-11-22T07:26:41","guid":{"rendered":"https:\/\/www.visiterarles.com\/?page_id=1836"},"modified":"2024-05-20T09:26:48","modified_gmt":"2024-05-20T07:26:48","slug":"consigne-a-bagages-arles-gare-sncf-et-gare-routiere","status":"publish","type":"page","link":"https:\/\/www.visiterarles.com\/en\/consigne-a-bagages-arles-gare-sncf-et-gare-routiere\/","title":{"rendered":"Consigne \u00e0 bagages Arles gare sncf et gare routi\u00e8re"},"content":{"rendered":"<div data-elementor-type=\"wp-page\" data-elementor-id=\"1836\" class=\"elementor elementor-1836\" data-elementor-post-type=\"page\">\n\t\t\t\t\t\t<section class=\"elementor-section elementor-top-section elementor-element elementor-element-aa1ef58 elementor-section-boxed elementor-section-height-default elementor-section-height-default\" data-id=\"aa1ef58\" data-element_type=\"section\">\n\t\t\t\t\t\t<div class=\"elementor-container elementor-column-gap-default\">\n\t\t\t\t\t<div class=\"elementor-column elementor-col-100 elementor-top-column elementor-element elementor-element-cea469c\" data-id=\"cea469c\" data-element_type=\"column\">\n\t\t\t<div class=\"elementor-widget-wrap elementor-element-populated\">\n\t\t\t\t\t\t<div class=\"elementor-element elementor-element-5358b73 h1style elementor-invisible elementor-widget elementor-widget-heading\" data-id=\"5358b73\" data-element_type=\"widget\" data-settings=\"{&quot;_animation&quot;:&quot;fadeInUp&quot;}\" data-widget_type=\"heading.default\">\n\t\t\t\t<div class=\"elementor-widget-container\">\n\t\t\t<h1 class=\"elementor-heading-title elementor-size-default\">Consigne \u00e0 bagages<\/h1>\t\t<\/div>\n\t\t\t\t<\/div>\n\t\t\t\t\t<\/div>\n\t\t<\/div>\n\t\t\t\t\t<\/div>\n\t\t<\/section>\n\t\t\t\t<section class=\"elementor-section elementor-top-section elementor-element elementor-element-6bb1ded elementor-section-full_width elementor-section-height-default elementor-section-height-default\" data-id=\"6bb1ded\" data-element_type=\"section\">\n\t\t\t\t\t\t<div class=\"elementor-container elementor-column-gap-default\">\n\t\t\t\t\t<div class=\"elementor-column elementor-col-100 elementor-top-column elementor-element elementor-element-8640e84\" data-id=\"8640e84\" data-element_type=\"column\">\n\t\t\t<div class=\"elementor-widget-wrap elementor-element-populated\">\n\t\t\t\t\t\t<section class=\"elementor-section elementor-inner-section elementor-element elementor-element-0a78507 elementor-section-boxed elementor-section-height-default elementor-section-height-default\" data-id=\"0a78507\" data-element_type=\"section\">\n\t\t\t\t\t\t<div class=\"elementor-container elementor-column-gap-default\">\n\t\t\t\t\t<div class=\"elementor-column elementor-col-100 elementor-inner-column elementor-element elementor-element-d1153bc\" data-id=\"d1153bc\" data-element_type=\"column\">\n\t\t\t<div class=\"elementor-widget-wrap elementor-element-populated\">\n\t\t\t\t\t\t<div class=\"elementor-element elementor-element-4305f291 elementor-widget elementor-widget-text-editor\" data-id=\"4305f291\" data-element_type=\"widget\" data-widget_type=\"text-editor.default\">\n\t\t\t\t<div class=\"elementor-widget-container\">\n\t\t\t\t\t\t\t<p style=\"font-variant-ligatures: normal; font-variant-caps: normal; font-family: Rambla; font-size: 16px; font-style: normal; font-weight: 500;\"><span style=\"font-size: 16px; font-weight: 600;\">Une consigne \u00e0 bagages en gare SNCF d\u2019Arles<\/span>\u00a0est \u00e0 votre disposition dans les locaux de<span style=\"font-size: 16px; font-weight: 600;\">\u00a0Taco and Co<\/span>\u00a0sur l\u2019avenue Paulin Talabot.<\/p><p style=\"font-variant-ligatures: normal; font-variant-caps: normal; font-family: Rambla; font-size: 16px; font-style: normal; font-weight: 500;\">A votre sortie de la\u00a0<span style=\"font-size: 16px; font-weight: 600;\">gare SNCF d\u2019Arles<\/span>, nos locaux, ancienne\u00a0<span style=\"font-size: 16px; font-weight: 600;\">gare routi\u00e8re<\/span>, sont situ\u00e9s en face de vous \u00e0 20 m\u00e8tres sur le parking.<\/p><p style=\"font-variant-ligatures: normal; font-variant-caps: normal; font-family: Rambla; font-size: 16px; font-style: normal; font-weight: 500;\"><span style=\"font-size: 16px; font-weight: 600;\">La consigne \u00e0 bagages d\u2019Arles est ouverte:<\/span><\/p><p style=\"font-variant-ligatures: normal; font-variant-caps: normal; font-family: Rambla; font-size: 16px; font-style: normal; font-weight: 500;\">\u2013 Septembre \u00e0 Avril: du lundi au samedi de 9h \u00e0 18h<br \/>\u2013 Avril \u00e0 Septembre: tous les jours de 8h30 \u00e0 19h<\/p><p style=\"font-variant-ligatures: normal; font-variant-caps: normal; font-family: Rambla; font-size: 16px; font-style: normal; font-weight: 500;\">You can drop off your luggage, suitcases, bicycles, strollers or other bulky personal effects to enjoy your visit in Arles.\u00a0<span style=\"font-size: 16px; font-weight: 600;\">d\u00e9poser vos bagages<\/span>, valises, \u00a0v\u00e9los, \u00a0poussettes ou autres effets personnels encombrants pour profiter de votre\u00a0<span style=\"font-size: 16px; font-weight: 600;\">visite dans Arles<\/span>.<\/p><p style=\"font-variant-ligatures: normal; font-variant-caps: normal; font-family: Rambla; font-size: 16px; font-style: normal; font-weight: 500;\">Tarifs pour 24h:\u00a0 5\u20ac\/ 7\u20ac\/10\u20ac selon la taille du bagage. +3\u20ac pour tout rajout<\/p>\t\t\t\t\t\t<\/div>\n\t\t\t\t<\/div>\n\t\t\t\t\t<\/div>\n\t\t<\/div>\n\t\t\t\t\t<\/div>\n\t\t<\/section>\n\t\t\t\t<div class=\"elementor-element elementor-element-c18edc5 elementor--h-position-center elementor--v-position-middle elementor-arrows-position-inside elementor-pagination-position-inside elementor-widget elementor-widget-slides\" data-id=\"c18edc5\" data-element_type=\"widget\" data-settings=\"{&quot;navigation&quot;:&quot;both&quot;,&quot;autoplay&quot;:&quot;yes&quot;,&quot;pause_on_hover&quot;:&quot;yes&quot;,&quot;pause_on_interaction&quot;:&quot;yes&quot;,&quot;autoplay_speed&quot;:5000,&quot;infinite&quot;:&quot;yes&quot;,&quot;transition&quot;:&quot;slide&quot;,&quot;transition_speed&quot;:500}\" data-widget_type=\"slides.default\">\n\t\t\t\t<div class=\"elementor-widget-container\">\n\t\t\t\t\t<div class=\"elementor-swiper\">\n\t\t\t<div class=\"elementor-slides-wrapper elementor-main-swiper swiper\" dir=\"ltr\" data-animation=\"fadeInUp\">\n\t\t\t\t<div class=\"swiper-wrapper elementor-slides\">\n\t\t\t\t\t\t\t\t\t\t<div class=\"elementor-repeater-item-dd3d10a swiper-slide\"><div class=\"swiper-slide-bg\" role=\"img\"><\/div><div class=\"swiper-slide-inner\" ><div class=\"swiper-slide-contents\"><\/div><\/div><\/div><div class=\"elementor-repeater-item-e387434 swiper-slide\"><div class=\"swiper-slide-bg\" role=\"img\"><\/div><div class=\"swiper-slide-inner\" ><div class=\"swiper-slide-contents\"><\/div><\/div><\/div><div class=\"elementor-repeater-item-ad551ea swiper-slide\"><div class=\"swiper-slide-bg\" role=\"img\"><\/div><div class=\"swiper-slide-inner\" ><div class=\"swiper-slide-contents\"><\/div><\/div><\/div>\t\t\t\t<\/div>\n\t\t\t\t\t\t\t\t\t\t\t\t\t\t\t<div class=\"swiper-pagination\"><\/div>\n\t\t\t\t\t\t\t\t\t\t\t\t\t\t\t\t<div class=\"elementor-swiper-button elementor-swiper-button-prev\" role=\"button\" tabindex=\"0\">\n\t\t\t\t\t\t\t<i aria-hidden=\"true\" class=\"eicon-chevron-left\"><\/i>\t\t\t\t\t\t\t<span class=\"elementor-screen-only\">Previous slide<\/span>\n\t\t\t\t\t\t<\/div>\n\t\t\t\t\t\t<div class=\"elementor-swiper-button elementor-swiper-button-next\" role=\"button\" tabindex=\"0\">\n\t\t\t\t\t\t\t<i aria-hidden=\"true\" class=\"eicon-chevron-right\"><\/i>\t\t\t\t\t\t\t<span class=\"elementor-screen-only\">Next slide<\/span>\n\t\t\t\t\t\t<\/div>\n\t\t\t\t\t\t\t\t\t\t\t\t<\/div>\n\t\t<\/div>\n\t\t\t\t<\/div>\n\t\t\t\t<\/div>\n\t\t\t\t\t<\/div>\n\t\t<\/div>\n\t\t\t\t\t<\/div>\n\t\t<\/section>\n\t\t\t\t<\/div>","protected":false},"excerpt":{"rendered":"<p>Consigne \u00e0 bagages Une consigne \u00e0 bagages en gare SNCF d\u2019Arles\u00a0est \u00e0 votre disposition dans les locaux de\u00a0Taco and Co\u00a0sur l\u2019avenue Paulin Talabot. A votre sortie de la\u00a0gare SNCF d\u2019Arles, nos locaux, ancienne\u00a0gare routi\u00e8re, sont situ\u00e9s en face de vous \u00e0 20 m\u00e8tres sur le parking. La consigne \u00e0 bagages d\u2019Arles est ouverte: \u2013 Septembre [&hellip;]<\/p>","protected":false},"author":1,"featured_media":0,"parent":0,"menu_order":0,"comment_status":"closed","ping_status":"closed","template":"elementor_header_footer","meta":{"footnotes":""},"aioseo_notices":[],"yoast_head":"<!-- This site is optimized with the Yoast SEO plugin v22.3 - https:\/\/yoast.com\/wordpress\/plugins\/seo\/ -->\n<title>Consigne \u00e0 bagages Arles gare sncf et gare routi\u00e8re - Visiter Arles<\/title>\n<meta name=\"robots\" content=\"index, follow, max-snippet:-1, max-image-preview:large, max-video-preview:-1\" \/>\n<link rel=\"canonical\" href=\"https:\/\/www.visiterarles.com\/en\/consigne-a-bagages-arles-gare-sncf-et-gare-routiere\/\" \/>\n<meta name=\"twitter:label1\" content=\"Estimated reading time\" \/>\n\t<meta name=\"twitter:data1\" content=\"1 minute\" \/>\n<script type=\"application\/ld+json\" class=\"yoast-schema-graph\">{\"@context\":\"https:\/\/schema.org\",\"@graph\":[{\"@type\":\"WebPage\",\"@id\":\"https:\/\/www.visiterarles.com\/consigne-a-bagages-arles-gare-sncf-et-gare-routiere\/\",\"url\":\"https:\/\/www.visiterarles.com\/consigne-a-bagages-arles-gare-sncf-et-gare-routiere\/\",\"name\":\"Consigne \u00e0 bagages Arles gare sncf et gare routi\u00e8re - Visiter Arles\",\"isPartOf\":{\"@id\":\"https:\/\/www.visiterarles.com\/en\/#website\"},\"datePublished\":\"2012-11-22T07:26:41+00:00\",\"dateModified\":\"2024-05-20T07:26:48+00:00\",\"breadcrumb\":{\"@id\":\"https:\/\/www.visiterarles.com\/consigne-a-bagages-arles-gare-sncf-et-gare-routiere\/#breadcrumb\"},\"inLanguage\":\"en-GB\",\"potentialAction\":[{\"@type\":\"ReadAction\",\"target\":[\"https:\/\/www.visiterarles.com\/consigne-a-bagages-arles-gare-sncf-et-gare-routiere\/\"]}]},{\"@type\":\"BreadcrumbList\",\"@id\":\"https:\/\/www.visiterarles.com\/consigne-a-bagages-arles-gare-sncf-et-gare-routiere\/#breadcrumb\",\"itemListElement\":[{\"@type\":\"ListItem\",\"position\":1,\"name\":\"Home\",\"item\":\"https:\/\/www.visiterarles.com\/\"},{\"@type\":\"ListItem\",\"position\":2,\"name\":\"Consigne \u00e0 bagages Arles gare sncf et gare routi\u00e8re\"}]},{\"@type\":\"WebSite\",\"@id\":\"https:\/\/www.visiterarles.com\/en\/#website\",\"url\":\"https:\/\/www.visiterarles.com\/en\/\",\"name\":\"Visiter Arles\",\"description\":\"Tourisme en Provence \u00e0 Arles\",\"publisher\":{\"@id\":\"https:\/\/www.visiterarles.com\/en\/#organization\"},\"potentialAction\":[{\"@type\":\"SearchAction\",\"target\":{\"@type\":\"EntryPoint\",\"urlTemplate\":\"https:\/\/www.visiterarles.com\/en\/?s={search_term_string}\"},\"query-input\":\"required name=search_term_string\"}],\"inLanguage\":\"en-GB\"},{\"@type\":\"Organization\",\"@id\":\"https:\/\/www.visiterarles.com\/en\/#organization\",\"name\":\"Visiter Arles\",\"url\":\"https:\/\/www.visiterarles.com\/en\/\",\"logo\":{\"@type\":\"ImageObject\",\"inLanguage\":\"en-GB\",\"@id\":\"https:\/\/www.visiterarles.com\/en\/#\/schema\/logo\/image\/\",\"url\":\"https:\/\/www.visiterarles.com\/wp-content\/uploads\/2017\/10\/taco-and-co-1-1.jpg\",\"contentUrl\":\"https:\/\/www.visiterarles.com\/wp-content\/uploads\/2017\/10\/taco-and-co-1-1.jpg\",\"width\":124,\"height\":73,\"caption\":\"Visiter Arles\"},\"image\":{\"@id\":\"https:\/\/www.visiterarles.com\/en\/#\/schema\/logo\/image\/\"}}]}<\/script>\n<!-- \/ Yoast SEO plugin. -->","yoast_head_json":{"title":"Consigne \u00e0 bagages Arles gare sncf et gare routi\u00e8re - Visiter Arles","robots":{"index":"index","follow":"follow","max-snippet":"max-snippet:-1","max-image-preview":"max-image-preview:large","max-video-preview":"max-video-preview:-1"},"canonical":"https:\/\/www.visiterarles.com\/en\/consigne-a-bagages-arles-gare-sncf-et-gare-routiere\/","twitter_misc":{"Estimated reading time":"1 minute"},"schema":{"@context":"https:\/\/schema.org","@graph":[{"@type":"WebPage","@id":"https:\/\/www.visiterarles.com\/consigne-a-bagages-arles-gare-sncf-et-gare-routiere\/","url":"https:\/\/www.visiterarles.com\/consigne-a-bagages-arles-gare-sncf-et-gare-routiere\/","name":"Consigne \u00e0 bagages Arles gare sncf et gare routi\u00e8re - Visiter Arles","isPartOf":{"@id":"https:\/\/www.visiterarles.com\/en\/#website"},"datePublished":"2012-11-22T07:26:41+00:00","dateModified":"2024-05-20T07:26:48+00:00","breadcrumb":{"@id":"https:\/\/www.visiterarles.com\/consigne-a-bagages-arles-gare-sncf-et-gare-routiere\/#breadcrumb"},"inLanguage":"en-GB","potentialAction":[{"@type":"ReadAction","target":["https:\/\/www.visiterarles.com\/consigne-a-bagages-arles-gare-sncf-et-gare-routiere\/"]}]},{"@type":"BreadcrumbList","@id":"https:\/\/www.visiterarles.com\/consigne-a-bagages-arles-gare-sncf-et-gare-routiere\/#breadcrumb","itemListElement":[{"@type":"ListItem","position":1,"name":"Home","item":"https:\/\/www.visiterarles.com\/"},{"@type":"ListItem","position":2,"name":"Consigne \u00e0 bagages Arles gare sncf et gare routi\u00e8re"}]},{"@type":"WebSite","@id":"https:\/\/www.visiterarles.com\/en\/#website","url":"https:\/\/www.visiterarles.com\/en\/","name":"Visiter Arles","description":"Tourisme en Provence \u00e0 Arles","publisher":{"@id":"https:\/\/www.visiterarles.com\/en\/#organization"},"potentialAction":[{"@type":"SearchAction","target":{"@type":"EntryPoint","urlTemplate":"https:\/\/www.visiterarles.com\/en\/?s={search_term_string}"},"query-input":"required name=search_term_string"}],"inLanguage":"en-GB"},{"@type":"Organization","@id":"https:\/\/www.visiterarles.com\/en\/#organization","name":"Visiter Arles","url":"https:\/\/www.visiterarles.com\/en\/","logo":{"@type":"ImageObject","inLanguage":"en-GB","@id":"https:\/\/www.visiterarles.com\/en\/#\/schema\/logo\/image\/","url":"https:\/\/www.visiterarles.com\/wp-content\/uploads\/2017\/10\/taco-and-co-1-1.jpg","contentUrl":"https:\/\/www.visiterarles.com\/wp-content\/uploads\/2017\/10\/taco-and-co-1-1.jpg","width":124,"height":73,"caption":"Visiter Arles"},"image":{"@id":"https:\/\/www.visiterarles.com\/en\/#\/schema\/logo\/image\/"}}]}},"_links":{"self":[{"href":"https:\/\/www.visiterarles.com\/en\/wp-json\/wp\/v2\/pages\/1836"}],"collection":[{"href":"https:\/\/www.visiterarles.com\/en\/wp-json\/wp\/v2\/pages"}],"about":[{"href":"https:\/\/www.visiterarles.com\/en\/wp-json\/wp\/v2\/types\/page"}],"author":[{"embeddable":true,"href":"https:\/\/www.visiterarles.com\/en\/wp-json\/wp\/v2\/users\/1"}],"replies":[{"embeddable":true,"href":"https:\/\/www.visiterarles.com\/en\/wp-json\/wp\/v2\/comments?post=1836"}],"version-history":[{"count":57,"href":"https:\/\/www.visiterarles.com\/en\/wp-json\/wp\/v2\/pages\/1836\/revisions"}],"predecessor-version":[{"id":29945,"href":"https:\/\/www.visiterarles.com\/en\/wp-json\/wp\/v2\/pages\/1836\/revisions\/29945"}],"wp:attachment":[{"href":"https:\/\/www.visiterarles.com\/en\/wp-json\/wp\/v2\/media?parent=1836"}],"curies":[{"name":"wp","href":"https:\/\/api.w.org\/{rel}","templated":true}]}}